{"id":2595,"date":"2024-08-26T16:06:31","date_gmt":"2024-08-26T14:06:31","guid":{"rendered":"https:\/\/naukajedzenia.pl\/sklep\/?post_type=product&#038;p=2595"},"modified":"2024-09-07T02:43:13","modified_gmt":"2024-09-07T00:43:13","slug":"perfakto-niabialisso-jadlospisy-na-4-dni-bez-resztek","status":"publish","type":"product","link":"https:\/\/naukajedzenia.pl\/sklep\/produkt\/perfakto-niabialisso-jadlospisy-na-4-dni-bez-resztek\/","title":{"rendered":"Perfakto + Niabialisso \u2013 Jad\u0142ospisy na 4 dni bez resztek"},"content":{"rendered":"<p>&#8222;Perfakto&#8221; i &#8222;Nabialisso&#8221; \u2013 Twoje kompleksowe rozwi\u0105zanie na zdrowe, efektywne i bezresztkowe gotowanie! Te dwa e-booki zosta\u0142y przygotowane z my\u015bl\u0105 o maksymalnym wykorzystaniu zakupionych sk\u0142adnik\u00f3w, oferuj\u0105c Ci dwa dwudniowe jad\u0142ospisy, kt\u00f3re mo\u017cesz dowolnie miksowa\u0107 i dopasowa\u0107 do swojego stylu \u017cycia!<\/p>\n<h5><strong>Co zawiera e-book?\u200b<\/strong><\/h5>\n<p><strong>\u2013Dwa dwudniowe jad\u0142ospisy bez resztek:<\/strong> Ka\u017cdy dzie\u0144 jest starannie zaplanowany, aby maksymalnie wykorzysta\u0107 wszystkie produkty, oszcz\u0119dzaj\u0105c pieni\u0105dze i redukuj\u0105c marnowanie \u017cywno\u015bci. Dzi\u0119ki powtarzalno\u015bci dni mo\u017cesz przygotowa\u0107 posi\u0142ki na dwa dni z g\u00f3ry lub miksowa\u0107 dni z obu jad\u0142ospis\u00f3w, tworz\u0105c r\u00f3\u017cnorodne i efektywne menu.<br \/>\n<strong>\u2013Pyszne i zdrowe przepisy:<\/strong> Od jajecznicy z migda\u0142ami po dorsza z mozzarell\u0105, od sa\u0142atki caprese po ry\u017c z indykiem \u2013 ka\u017cdy posi\u0142ek zosta\u0142 opracowany z my\u015bl\u0105 o smaku, warto\u015bci od\u017cywczej i prostocie przygotowania.<br \/>\n<strong>\u2013Praktyczne porady:<\/strong> Dowiedz si\u0119, jak planowa\u0107 posi\u0142ki, robi\u0107 zakupy i przechowywa\u0107 \u017cywno\u015b\u0107, aby maksymalnie wykorzysta\u0107 swoje sk\u0142adniki. Dzi\u0119ki naszym wskaz\u00f3wkom zminimalizujesz marnowanie jedzenia i b\u0119dziesz czerpa\u0107 pe\u0142ni\u0119 korzy\u015bci ze swojego jad\u0142ospisu.<br \/>\n<strong>\u2013Lista zamiennik\u00f3w:<\/strong> Oferujemy propozycje zamiennik\u00f3w 1:1 dla ka\u017cdego produktu, co pozwoli Ci dostosowa\u0107 jad\u0142ospis do swoich preferencji smakowych i dost\u0119pno\u015bci sk\u0142adnik\u00f3w.<\/p>\n<p>Te e-booki to nie tylko zbi\u00f3r przepis\u00f3w \u2013 to Twoi codzienni przewodnicy po zdrowym, zr\u00f3wnowa\u017conym od\u017cywianiu. Dzi\u0119ki ich elastyczno\u015bci, mo\u017cesz \u0142atwo dopasowa\u0107 plan \u017cywieniowy do swojego trybu \u017cycia, jednocze\u015bnie dbaj\u0105c o zdrowie i minimalizuj\u0105c marnowanie \u017cywno\u015bci. To idealne rozwi\u0105zanie dla os\u00f3b ceni\u0105cych sobie organizacj\u0119, oszcz\u0119dno\u015b\u0107 i zdrowe nawyki.<br \/>\nZacznij swoj\u0105 podr\u00f3\u017c ku lepszemu od\u017cywianiu ju\u017c dzi\u015b \u2013 &#8222;Perfakto&#8221; i &#8222;Nabialisso&#8221; to wszystko, czego potrzebujesz, aby gotowanie sta\u0142o si\u0119 prostsze, bardziej zorganizowane i \u2013 co najwa\u017cniejsze \u2013 bez resztek!<\/p>\n<p>Kup teraz i do\u015bwiadcz kulinarnej rewolucji w swoim domu!<\/p>\n<p><b>Dostawa:<\/b> Automatycznie po zrealizowanej p\u0142atno\u015bci na podany adres e-mail zostanie wys\u0142ana wiadomo\u015b\u0107 potwierdzaj\u0105ca zam\u00f3wienie i zawieraj\u0105ca link do pobrania e-booka.<br \/>\n<b>Format<\/b>: PDF (Portable Document Format) to format pliku obs\u0142ugiwany przez darmowe programy do przegl\u0105dania i odczytu.<br \/>\nE-book mo\u017cna otworzy\u0107 na ka\u017cdym urz\u0105dzeniu\u2013 nie jest potrzebny specjalny czytnik.<br \/>\n<b>Liczba stron<\/b>: 51 i 49<br \/>\n<b>Limit urz\u0105dze\u0144<\/b>: Nie ma limitu urz\u0105dze\u0144\u2013 e-book mo\u017cna zapisywa\u0107 na w\u0142asny u\u017cytek na dowolnej ilo\u015bci urz\u0105dze\u0144.<br \/>\n<b>Wersja do wydruku<\/b>: Format dostosowany jest do wydruku.<\/p>\n","protected":false},"excerpt":{"rendered":"<p>&#8222;Perfakto&#8221; i &#8222;Nabialisso&#8221; \u2013 Twoje kompleksowe rozwi\u0105zanie na zdrowe, efektywne i bezresztkowe gotowanie! Te dwa e-booki zosta\u0142y przygotowane z my\u015bl\u0105 o maksymalnym wykorzystaniu zakupionych sk\u0142adnik\u00f3w, oferuj\u0105c Ci dwa dwudniowe jad\u0142ospisy, kt\u00f3re mo\u017cesz dowolnie miksowa\u0107 i dopasowa\u0107 do swojego stylu \u017cycia! Co zawiera e-book?\u200b \u2013Dwa dwudniowe jad\u0142ospisy bez resztek: Ka\u017cdy dzie\u0144 jest starannie zaplanowany, aby maksymalnie&#8230;<\/p>\n","protected":false},"featured_media":2658,"comment_status":"open","ping_status":"closed","template":"","meta":{"_acf_changed":false,"_seopress_robots_primary_cat":"none","_seopress_titles_title":"\"Perfakto\" i \"Nabialisso\" \u2013 Jad\u0142ospisy na 4 dni bez resztek","_seopress_titles_desc":"\"Perfakto\" i \"Nabialisso\" \u2013 Twoje kompleksowe rozwi\u0105zanie na zdrowe, efektywne i bezresztkowe gotowanie! Te dwa e-booki zosta\u0142y przygotowane z my\u015bl\u0105 o maksymalnym wykorzystaniu zakupionych sk\u0142adnik\u00f3w, oferuj\u0105c Ci dwa dwudniowe jad\u0142ospisy, kt\u00f3re mo\u017cesz dowolnie miksowa\u0107 i dopasowa\u0107 do swojego stylu \u017cycia!","_seopress_robots_index":"","inline_featured_image":false},"product_brand":[],"product_cat":[30],"product_tag":[],"class_list":{"0":"post-2595","1":"product","2":"type-product","3":"status-publish","4":"has-post-thumbnail","6":"product_cat-e-book","8":"first","9":"instock","10":"shipping-taxable","11":"purchasable","12":"product-type-variable"},"acf":[],"_links":{"self":[{"href":"https:\/\/naukajedzenia.pl\/sklep\/wp-json\/wp\/v2\/product\/2595","targetHints":{"allow":["GET"]}}],"collection":[{"href":"https:\/\/naukajedzenia.pl\/sklep\/wp-json\/wp\/v2\/product"}],"about":[{"href":"https:\/\/naukajedzenia.pl\/sklep\/wp-json\/wp\/v2\/types\/product"}],"replies":[{"embeddable":true,"href":"https:\/\/naukajedzenia.pl\/sklep\/wp-json\/wp\/v2\/comments?post=2595"}],"wp:featuredmedia":[{"embeddable":true,"href":"https:\/\/naukajedzenia.pl\/sklep\/wp-json\/wp\/v2\/media\/2658"}],"wp:attachment":[{"href":"https:\/\/naukajedzenia.pl\/sklep\/wp-json\/wp\/v2\/media?parent=2595"}],"wp:term":[{"taxonomy":"product_brand","embeddable":true,"href":"https:\/\/naukajedzenia.pl\/sklep\/wp-json\/wp\/v2\/product_brand?post=2595"},{"taxonomy":"product_cat","embeddable":true,"href":"https:\/\/naukajedzenia.pl\/sklep\/wp-json\/wp\/v2\/product_cat?post=2595"},{"taxonomy":"product_tag","embeddable":true,"href":"https:\/\/naukajedzenia.pl\/sklep\/wp-json\/wp\/v2\/product_tag?post=2595"}],"curies":[{"name":"wp","href":"https:\/\/api.w.org\/{rel}","templated":true}]}}